{"id":18,"date":"2015-11-20T13:48:23","date_gmt":"2015-11-20T13:48:23","guid":{"rendered":"http:\/\/read.meil.pw.edu.pl\/?page_id=18"},"modified":"2022-01-29T19:37:13","modified_gmt":"2022-01-29T18:37:13","slug":"program","status":"publish","type":"page","link":"https:\/\/read.meil.pw.edu.pl\/?page_id=18","title":{"rendered":"Program"},"content":{"rendered":"<p><strong><a href=\"https:\/\/read.meil.pw.edu.pl\/wp-content\/uploads\/Program\/READ_SCAD_2016.html\" target=\"_blank\" rel=\"noopener noreferrer\">Program of the conference<\/a><\/strong><\/p>\n<p><strong>Scientific Advisory Committee<\/strong><\/p>\n<table width=\"305\">\n<tbody>\n<tr>\n<td width=\"210\">Tomasz Goetzendorf-Grabowski<\/td>\n<td width=\"94\">Poland<\/td>\n<\/tr>\n<tr>\n<td width=\"210\">Zdobys\u0142aw Goraj<\/td>\n<td width=\"94\">Poland<\/td>\n<\/tr>\n<tr>\n<td width=\"210\">Witold Wi\u015bniowski<\/td>\n<td width=\"94\">Poland<\/td>\n<\/tr>\n<tr>\n<td width=\"210\">Dieter Scholz<\/td>\n<td width=\"94\">Germany<\/td>\n<\/tr>\n<tr>\n<td width=\"210\">Bj\u00f6rn Nagel<\/td>\n<td width=\"94\">Germany<\/td>\n<\/tr>\n<tr>\n<td width=\"210\">Peter Schmollgruber<\/td>\n<td width=\"94\">France<\/td>\n<\/tr>\n<tr>\n<td width=\"210\">Antonin Pistek<\/td>\n<td width=\"94\">Czech Republic<\/td>\n<\/tr>\n<tr>\n<td width=\"210\">Jaroslav Juracka<\/td>\n<td width=\"94\">Czech Republic<\/td>\n<\/tr>\n<tr>\n<td width=\"210\">Jonas Staukunas<\/td>\n<td width=\"94\">Lithuania<\/td>\n<\/tr>\n<tr>\n<td width=\"210\">Tetsuhiko Ueda<\/td>\n<td width=\"94\">Japan<\/td>\n<\/tr>\n<tr>\n<td width=\"210\">Ray Whitford<\/td>\n<td width=\"94\">UK<\/td>\n<\/tr>\n<tr>\n<td width=\"210\">Rodrigo Martinez-Val<\/td>\n<td width=\"94\">Spain<\/td>\n<\/tr>\n<tr>\n<td width=\"210\">Alexander Zbrutsky<\/td>\n<td width=\"94\">Ukraine<\/td>\n<\/tr>\n<tr>\n<td width=\"210\">Martinsh Kleinhofs<\/td>\n<td width=\"94\">Latvia<\/td>\n<\/tr>\n<tr>\n<td width=\"210\">Allan N\u00f5mmik<\/td>\n<td width=\"94\">Estonia<\/td>\n<\/tr>\n<tr>\n<td width=\"210\">Laurent Dala<\/td>\n<td width=\"94\">South Africa<\/td>\n<\/tr>\n<\/tbody>\n<\/table>\n<p><strong><a href=\"https:\/\/read.meil.pw.edu.pl\/wp-content\/uploads\/Program\/READ_SCAD_2016.html\" target=\"_blank\" rel=\"noopener noreferrer\">Program of the conference<\/a><\/strong><\/p>\n","protected":false},"excerpt":{"rendered":"<p>Program of the conference Scientific Advisory Committee Tomasz Goetzendorf-Grabowski Poland Zdobys\u0142aw Goraj Poland Witold Wi\u015bniowski Poland Dieter Scholz Germany Bj\u00f6rn Nagel Germany Peter Schmollgruber France Antonin Pistek Czech Republic Jaroslav Juracka Czech Republic Jonas Staukunas Lithuania Tetsuhiko Ueda Japan Ray &hellip; <a href=\"https:\/\/read.meil.pw.edu.pl\/?page_id=18\">Continue reading <span class=\"meta-nav\">&rarr;<\/span><\/a><\/p>\n","protected":false},"author":1,"featured_media":0,"parent":0,"menu_order":0,"comment_status":"closed","ping_status":"closed","template":"","meta":{"footnotes":""},"class_list":["post-18","page","type-page","status-publish","hentry"],"_links":{"self":[{"href":"https:\/\/read.meil.pw.edu.pl\/index.php?rest_route=\/wp\/v2\/pages\/18","targetHints":{"allow":["GET"]}}],"collection":[{"href":"https:\/\/read.meil.pw.edu.pl\/index.php?rest_route=\/wp\/v2\/pages"}],"about":[{"href":"https:\/\/read.meil.pw.edu.pl\/index.php?rest_route=\/wp\/v2\/types\/page"}],"author":[{"embeddable":true,"href":"https:\/\/read.meil.pw.edu.pl\/index.php?rest_route=\/wp\/v2\/users\/1"}],"replies":[{"embeddable":true,"href":"https:\/\/read.meil.pw.edu.pl\/index.php?rest_route=%2Fwp%2Fv2%2Fcomments&post=18"}],"version-history":[{"count":13,"href":"https:\/\/read.meil.pw.edu.pl\/index.php?rest_route=\/wp\/v2\/pages\/18\/revisions"}],"predecessor-version":[{"id":532,"href":"https:\/\/read.meil.pw.edu.pl\/index.php?rest_route=\/wp\/v2\/pages\/18\/revisions\/532"}],"wp:attachment":[{"href":"https:\/\/read.meil.pw.edu.pl\/index.php?rest_route=%2Fwp%2Fv2%2Fmedia&parent=18"}],"curies":[{"name":"wp","href":"https:\/\/api.w.org\/{rel}","templated":true}]}}